{"id":4021,"date":"2024-12-28T21:58:40","date_gmt":"2024-12-28T20:58:40","guid":{"rendered":"https:\/\/akvetmed.cz\/?page_id=4021"},"modified":"2026-04-11T16:22:56","modified_gmt":"2026-04-11T14:22:56","slug":"nabidka","status":"publish","type":"page","link":"https:\/\/akvetmed.cz\/en\/nabidka\/","title":{"rendered":"Lectures"},"content":{"rendered":"<div data-elementor-type=\"wp-page\" data-elementor-id=\"4021\" class=\"elementor elementor-4021\" data-elementor-post-type=\"page\">\n\t\t\t\t\t\t<section data-particle_enable=\"false\" data-particle-mobile-disabled=\"false\" class=\"elementor-section elementor-top-section elementor-element elementor-element-3dcb57d elementor-section-height-min-height elementor-section-boxed elementor-section-height-default elementor-section-items-middle\" data-id=\"3dcb57d\" data-element_type=\"section\" data-settings=\"{&quot;background_background&quot;:&quot;classic&quot;,&quot;shape_divider_bottom&quot;:&quot;arrow&quot;}\">\n\t\t\t\t\t\t\t<div class=\"elementor-background-overlay\"><\/div>\n\t\t\t\t\t\t<div class=\"elementor-shape elementor-shape-bottom\" data-negative=\"false\">\n\t\t\t<svg xmlns=\"http:\/\/www.w3.org\/2000\/svg\" viewbox=\"0 0 700 10\" preserveaspectratio=\"none\">\n\t<path class=\"elementor-shape-fill\" d=\"M350,10L340,0h20L350,10z\"\/>\n<\/svg>\t\t<\/div>\n\t\t\t\t\t<div class=\"elementor-container elementor-column-gap-default\">\n\t\t\t\t\t<div class=\"elementor-column elementor-col-100 elementor-top-column elementor-element elementor-element-2eb2f5f\" data-id=\"2eb2f5f\" data-element_type=\"column\">\n\t\t\t<div class=\"elementor-widget-wrap elementor-element-populated\">\n\t\t\t\t\t\t<div class=\"elementor-element elementor-element-8864433 elementor-invisible elementor-widget elementor-widget-heading\" data-id=\"8864433\" data-element_type=\"widget\" data-settings=\"{&quot;_animation&quot;:&quot;fadeInUp&quot;}\" data-widget_type=\"heading.default\">\n\t\t\t\t<div class=\"elementor-widget-container\">\n\t\t\t<h1 class=\"elementor-heading-title elementor-size-default\">Offer of lectures and webinars<\/h1>\t\t<\/div>\n\t\t\t\t<\/div>\n\t\t\t\t\t<\/div>\n\t\t<\/div>\n\t\t\t\t\t<\/div>\n\t\t<\/section>\n\t\t<div data-particle_enable=\"false\" data-particle-mobile-disabled=\"false\" class=\"elementor-element elementor-element-8f4a500 e-flex e-con-boxed e-con e-parent\" data-id=\"8f4a500\" data-element_type=\"container\">\n\t\t\t\t\t<div class=\"e-con-inner\">\n\t\t\t\t<div class=\"elementor-element elementor-element-faf5328 elementor-widget elementor-widget-text-editor\" data-id=\"faf5328\" data-element_type=\"widget\" data-widget_type=\"text-editor.default\">\n\t\t\t\t<div class=\"elementor-widget-container\">\n\t\t\t\t\t\t\t<p>Lectures are one of the forms of information and experience transfer. That is why we have prepared the following offer. If you are interested, just write to E-mail info@akvetmed.cz which lecture from the list below you are interested in and we will arrange the details.<\/p><h6><strong>Reproduction of dogs - mating<\/strong><\/h6><p><img decoding=\"async\" class=\"wp-image-4171 alignleft\" src=\"https:\/\/akvetmed.cz\/wp-content\/uploads\/2025\/01\/Kryti.webp\" alt=\"\" width=\"180\" height=\"135\" srcset=\"https:\/\/akvetmed.cz\/wp-content\/uploads\/2025\/01\/Kryti.webp 1499w, https:\/\/akvetmed.cz\/wp-content\/uploads\/2025\/01\/Kryti-300x225.webp 300w, https:\/\/akvetmed.cz\/wp-content\/uploads\/2025\/01\/Kryti-1024x768.webp 1024w, https:\/\/akvetmed.cz\/wp-content\/uploads\/2025\/01\/Kryti-768x576.webp 768w, https:\/\/akvetmed.cz\/wp-content\/uploads\/2025\/01\/Kryti-16x12.webp 16w\" sizes=\"(max-width: 180px) 100vw, 180px\" \/><\/p><p>A lecture on mating in dogs about this important aspect of breeding. The aim of the lecture is to learn about the physiological aspects of mating from both the male and female perspective to ensure a successful mating and a healthy litter of puppies. You will learn about the anatomy and physiology of the male dog's reproductive system, the physiological process of mating, determining the most appropriate time for mating, libido and how to influence it, and how to improve fertility in dogs. The lecture is intended for all breeders and dog lovers who want to deepen their knowledge. The lecture is supplemented with illustrative videos, e.g. from the mating process.<\/p><h6>Reproduction of dogs - birth<\/h6><p><img decoding=\"async\" class=\"wp-image-4172 alignleft\" src=\"https:\/\/akvetmed.cz\/wp-content\/uploads\/2025\/01\/PrednaskaPorod.webp\" alt=\"\" width=\"180\" height=\"135\" srcset=\"https:\/\/akvetmed.cz\/wp-content\/uploads\/2025\/01\/PrednaskaPorod.webp 1499w, https:\/\/akvetmed.cz\/wp-content\/uploads\/2025\/01\/PrednaskaPorod-300x225.webp 300w, https:\/\/akvetmed.cz\/wp-content\/uploads\/2025\/01\/PrednaskaPorod-1024x768.webp 1024w, https:\/\/akvetmed.cz\/wp-content\/uploads\/2025\/01\/PrednaskaPorod-768x576.webp 768w, https:\/\/akvetmed.cz\/wp-content\/uploads\/2025\/01\/PrednaskaPorod-16x12.webp 16w\" sizes=\"(max-width: 180px) 100vw, 180px\" \/>A lecture on giving birth to dogs about the expected and joyful aspect of breeding. The aim of the lecture is to learn about how to prepare for labour, to know when labour starts, to know all the stages of labour, when to call for help and how to solve the problem. The lecture is intended for all breeders and dog lovers who want to deepen their knowledge. The lecture is supplemented with illustrative videos, e.g. from the birth.<\/p><h6>How to handle trouble - first aid<\/h6><p><img decoding=\"async\" class=\"wp-image-4173 alignleft\" src=\"https:\/\/akvetmed.cz\/wp-content\/uploads\/2025\/01\/PrvniPomoc.webp\" alt=\"\" width=\"180\" height=\"135\" srcset=\"https:\/\/akvetmed.cz\/wp-content\/uploads\/2025\/01\/PrvniPomoc.webp 1499w, https:\/\/akvetmed.cz\/wp-content\/uploads\/2025\/01\/PrvniPomoc-300x225.webp 300w, https:\/\/akvetmed.cz\/wp-content\/uploads\/2025\/01\/PrvniPomoc-1024x768.webp 1024w, https:\/\/akvetmed.cz\/wp-content\/uploads\/2025\/01\/PrvniPomoc-768x576.webp 768w, https:\/\/akvetmed.cz\/wp-content\/uploads\/2025\/01\/PrvniPomoc-16x12.webp 16w\" sizes=\"(max-width: 180px) 100vw, 180px\" \/>There are times in life when the calm of everyday life can turn into a horror. Many of these situations can be avoided with a dog. Even so, disasters can still befall us. It's good to know about them and know how to behave in them. The lecture How to handle trouble - first aid quickly and efficiently will introduce you to what first aid is, what should not be missing in the first aid kit, what critical conditions we can encounter and what to do in them, and how to deal with injuries acquired in the home and beyond.<\/p><h6><span style=\"text-align: var(--text-align); font-size: 1rem;\">Nutrition for the sporting dog<br \/><\/span><\/h6><p><img loading=\"lazy\" decoding=\"async\" class=\"wp-image-4174 alignleft\" src=\"https:\/\/akvetmed.cz\/wp-content\/uploads\/2025\/01\/VyzivaSportPes.webp\" alt=\"\" width=\"180\" height=\"135\" srcset=\"https:\/\/akvetmed.cz\/wp-content\/uploads\/2025\/01\/VyzivaSportPes.webp 1499w, https:\/\/akvetmed.cz\/wp-content\/uploads\/2025\/01\/VyzivaSportPes-300x225.webp 300w, https:\/\/akvetmed.cz\/wp-content\/uploads\/2025\/01\/VyzivaSportPes-1024x768.webp 1024w, https:\/\/akvetmed.cz\/wp-content\/uploads\/2025\/01\/VyzivaSportPes-768x576.webp 768w, https:\/\/akvetmed.cz\/wp-content\/uploads\/2025\/01\/VyzivaSportPes-16x12.webp 16w\" sizes=\"(max-width: 180px) 100vw, 180px\" \/>A lecture on how best to feed your dog when exercising or working. We will look at the distribution of sport in relation to energy needs. In the movement physiology section, you will learn about the energy requirements for movement in relation to muscle metabolism. In the section on nutrition for the sporting dog, we will focus on optimal body condition, performance support and how to prevent fatigue and damage. Finally, we'll talk about foods and nutritional supplements for sporting dogs.<\/p><p><span style=\"text-align: var(--text-align); font-size: 1rem;\">\u00a0<\/span><\/p><h6>Fitness for dogs<\/h6><p><img loading=\"lazy\" decoding=\"async\" class=\"wp-image-4175 alignleft\" src=\"https:\/\/akvetmed.cz\/wp-content\/uploads\/2025\/01\/Fitness.webp\" alt=\"\" width=\"180\" height=\"135\" srcset=\"https:\/\/akvetmed.cz\/wp-content\/uploads\/2025\/01\/Fitness.webp 1499w, https:\/\/akvetmed.cz\/wp-content\/uploads\/2025\/01\/Fitness-300x225.webp 300w, https:\/\/akvetmed.cz\/wp-content\/uploads\/2025\/01\/Fitness-1024x768.webp 1024w, https:\/\/akvetmed.cz\/wp-content\/uploads\/2025\/01\/Fitness-768x576.webp 768w, https:\/\/akvetmed.cz\/wp-content\/uploads\/2025\/01\/Fitness-16x12.webp 16w\" sizes=\"(max-width: 180px) 100vw, 180px\" \/>There are two lectures on the topic of dog fitness. The first deals with the topics of musculoskeletal system, manifestations of musculoskeletal diseases or injuries and first aid for lameness. You will also learn what the differences are between rehabilitation, physiotherapy and fitness. Also included are insights into how physiological processes in different age groups of dogs (puppy, geriatric dog) affect dog exercise. In the second lecture, a fitness scenario is proposed with all its components (mobility - flexibility, balance, strength, stability - coordination, endurance and speed). With the suggestion of specific exercises to train each component of fitness.<\/p><h6>Warm up and cool down<\/h6><p><img loading=\"lazy\" decoding=\"async\" class=\"wp-image-4176 alignleft\" src=\"https:\/\/akvetmed.cz\/wp-content\/uploads\/2025\/01\/WarmCool.webp\" alt=\"\" width=\"180\" height=\"135\" srcset=\"https:\/\/akvetmed.cz\/wp-content\/uploads\/2025\/01\/WarmCool.webp 1498w, https:\/\/akvetmed.cz\/wp-content\/uploads\/2025\/01\/WarmCool-300x225.webp 300w, https:\/\/akvetmed.cz\/wp-content\/uploads\/2025\/01\/WarmCool-1024x768.webp 1024w, https:\/\/akvetmed.cz\/wp-content\/uploads\/2025\/01\/WarmCool-768x576.webp 768w, https:\/\/akvetmed.cz\/wp-content\/uploads\/2025\/01\/WarmCool-16x12.webp 16w\" sizes=\"(max-width: 180px) 100vw, 180px\" \/>P\u0159edn\u00e1\u0161ka Zah\u0159\u00e1t\u00ed (Warm-up) a regenerace (Cool-down) je o zp\u016fsobu, jak p\u0159ipravit psa na lep\u0161\u00ed v\u00fdkon a jak p\u0159edch\u00e1zet zran\u011bn\u00edm, kter\u00e1 mohou vznikat v pr\u016fb\u011bhu v\u00fdkonu \u010di pr\u00e1ce psa. Dozv\u00edte se nejd\u016fle\u017eit\u011bj\u0161\u00ed poznatky o pohybov\u00e9m apar\u00e1tu psa a jeho pohybu, o vlastn\u00edm zah\u0159\u00e1t\u00ed p\u0159ed v\u00fdkonem a regeneraci po v\u00fdkonu. Pro\u010d je prov\u00e1d\u011bt p\u0159ed ka\u017ed\u00fdm v\u00fdkonem \u010di prac\u00ed psa. P\u0159edn\u00e1\u0161ka m\u016f\u017ee b\u00fdt dle domluvy spojena s praktick\u00fdm n\u00e1cvikem zah\u0159\u00e1t\u00ed a regenerace.<\/p>\t\t\t\t\t\t<\/div>\n\t\t\t\t<\/div>\n\t\t\t\t\t<\/div>\n\t\t\t\t<\/div>\n\t\t\t\t<\/div>","protected":false},"excerpt":{"rendered":"<p>Lectures and webinars Lectures are a form of information and experience transfer. That is why we have prepared the following offer. If you are interested, just write to info@akvetmed.cz which lecture from the list below you are interested in and we will arrange the details. Dog Reproduction - Mating A lecture on mating in dogs about this important aspect of breeding. The aim [...]<\/p>","protected":false},"author":1,"featured_media":0,"parent":0,"menu_order":0,"comment_status":"closed","ping_status":"closed","template":"","meta":{"footnotes":""},"class_list":["post-4021","page","type-page","status-publish","hentry"],"_links":{"self":[{"href":"https:\/\/akvetmed.cz\/en\/wp-json\/wp\/v2\/pages\/4021","targetHints":{"allow":["GET"]}}],"collection":[{"href":"https:\/\/akvetmed.cz\/en\/wp-json\/wp\/v2\/pages"}],"about":[{"href":"https:\/\/akvetmed.cz\/en\/wp-json\/wp\/v2\/types\/page"}],"author":[{"embeddable":true,"href":"https:\/\/akvetmed.cz\/en\/wp-json\/wp\/v2\/users\/1"}],"replies":[{"embeddable":true,"href":"https:\/\/akvetmed.cz\/en\/wp-json\/wp\/v2\/comments?post=4021"}],"version-history":[{"count":41,"href":"https:\/\/akvetmed.cz\/en\/wp-json\/wp\/v2\/pages\/4021\/revisions"}],"predecessor-version":[{"id":5375,"href":"https:\/\/akvetmed.cz\/en\/wp-json\/wp\/v2\/pages\/4021\/revisions\/5375"}],"wp:attachment":[{"href":"https:\/\/akvetmed.cz\/en\/wp-json\/wp\/v2\/media?parent=4021"}],"curies":[{"name":"wp","href":"https:\/\/api.w.org\/{rel}","templated":true}]}}